{"id":3795,"date":"2026-03-26T10:57:19","date_gmt":"2026-03-26T09:57:19","guid":{"rendered":"https:\/\/sp43.zabrze.pl\/?page_id=3795"},"modified":"2026-03-26T11:01:13","modified_gmt":"2026-03-26T10:01:13","slug":"wyposazenie-dla-szkol-do-nauki-zdalnej-pracowni-ai-i-stem-w-ramach-kpo","status":"publish","type":"page","link":"https:\/\/sp43.zabrze.pl\/?page_id=3795","title":{"rendered":"Wyposa\u017cenie dla szk\u00f3\u0142 do nauki zdalnej, pracowni AI i STEM w ramach KPO"},"content":{"rendered":"<p><strong>Wyposa\u017cenie dla szk\u00f3\u0142 do nauki zdalnej, pracowni AI i STEM, modernizacja szkolnych sieci LAN oraz komputery przeno\u015bne dla szk\u00f3\u0142 do dyspozycji uczni\u00f3w (KPO)<\/strong><img loading=\"lazy\" decoding=\"async\" class=\"aligncenter size-full wp-image-3796\" src=\"https:\/\/sp43.zabrze.pl\/wp-content\/uploads\/2026\/03\/image-2.png\" alt=\"\" width=\"814\" height=\"541\" srcset=\"https:\/\/sp43.zabrze.pl\/wp-content\/uploads\/2026\/03\/image-2.png 814w, https:\/\/sp43.zabrze.pl\/wp-content\/uploads\/2026\/03\/image-2-300x199.png 300w, https:\/\/sp43.zabrze.pl\/wp-content\/uploads\/2026\/03\/image-2-768x510.png 768w\" sizes=\"auto, (max-width: 814px) 100vw, 814px\" \/><\/p>\n<p>Zadanie realizowane jest w ramach komponentu C \u201eTransformacja cyfrowa\u201d Inwestycja C2.1.2 \u201eWyr\u00f3wnanie poziomu wyposa\u017cenia szk\u00f3\u0142 w przeno\u015bne urz\u0105dzenia multimedialne \u2013 inwestycje zwi\u0105zane ze spe\u0142nieniem minimalnych standard\u00f3w sprz\u0119towych, wska\u017anik C15G Nowe komputery przeno\u015bne (laptopy, laptopy przegl\u0105darkowe i tablety) do dyspozycji uczni\u00f3w\u201d.<\/p>\n<p>Szczeg\u00f3\u0142owe dane dotycz\u0105ce projektu<br \/>\n=&gt; <a href=\"https:\/\/miastozabrze.pl\/miasto\/projekty-unijne-i-krajowe\/wyposazenie-dla-szkol-do-nauki-zdalnej-pracowni-ai-i-stem-modernizacja-szkolnych-sieci-lan-oraz-komputery-przenosne-dla-szkol-do-dyspozycji-uczniow-kpo\/\" target=\"_blank\" rel=\"noopener\">https:\/\/miastozabrze.pl\/miasto\/projekty-unijne-i-krajowe\/wyposazenie-dla-szkol-do-nauki-zdalnej-pracowni-ai-i-stem-modernizacja-szkolnych-sieci-lan-oraz-komputery-przenosne-dla-szkol-do-dyspozycji-uczniow-kpo\/<\/a><\/p>\n","protected":false},"excerpt":{"rendered":"<p>Wyposa\u017cenie dla szk\u00f3\u0142 do nauki zdalnej, pracowni AI i STEM, modernizacja szkolnych sieci LAN oraz komputery przeno\u015bne dla szk\u00f3\u0142 do [&hellip;]<\/p>\n","protected":false},"author":4,"featured_media":3797,"parent":0,"menu_order":0,"comment_status":"closed","ping_status":"closed","template":"","meta":{"footnotes":""},"class_list":["post-3795","page","type-page","status-publish","has-post-thumbnail","hentry"],"aioseo_notices":[],"_links":{"self":[{"href":"https:\/\/sp43.zabrze.pl\/index.php?rest_route=\/wp\/v2\/pages\/3795","targetHints":{"allow":["GET"]}}],"collection":[{"href":"https:\/\/sp43.zabrze.pl\/index.php?rest_route=\/wp\/v2\/pages"}],"about":[{"href":"https:\/\/sp43.zabrze.pl\/index.php?rest_route=\/wp\/v2\/types\/page"}],"author":[{"embeddable":true,"href":"https:\/\/sp43.zabrze.pl\/index.php?rest_route=\/wp\/v2\/users\/4"}],"replies":[{"embeddable":true,"href":"https:\/\/sp43.zabrze.pl\/index.php?rest_route=%2Fwp%2Fv2%2Fcomments&post=3795"}],"version-history":[{"count":3,"href":"https:\/\/sp43.zabrze.pl\/index.php?rest_route=\/wp\/v2\/pages\/3795\/revisions"}],"predecessor-version":[{"id":3800,"href":"https:\/\/sp43.zabrze.pl\/index.php?rest_route=\/wp\/v2\/pages\/3795\/revisions\/3800"}],"wp:featuredmedia":[{"embeddable":true,"href":"https:\/\/sp43.zabrze.pl\/index.php?rest_route=\/wp\/v2\/media\/3797"}],"wp:attachment":[{"href":"https:\/\/sp43.zabrze.pl\/index.php?rest_route=%2Fwp%2Fv2%2Fmedia&parent=3795"}],"curies":[{"name":"wp","href":"https:\/\/api.w.org\/{rel}","templated":true}]}}