{"id":3779,"date":"2026-03-19T15:50:29","date_gmt":"2026-03-19T14:50:29","guid":{"rendered":"https:\/\/sp43.zabrze.pl\/?page_id=3779"},"modified":"2026-03-19T15:50:29","modified_gmt":"2026-03-19T14:50:29","slug":"rekrutacja-dzieci-spoza-rejonu","status":"publish","type":"page","link":"https:\/\/sp43.zabrze.pl\/?page_id=3779","title":{"rendered":"Rekrutacja &#8211; dzieci spoza rejonu"},"content":{"rendered":"<h3 style=\"text-align: center;\"><em><span style=\"color: #ff0000;\"><strong>Informacje dotycz\u0105ce zapis\u00f3w dzieci spoza rejonu,<\/strong><\/span><\/em><br \/>\n<em><span style=\"color: #ff0000;\"><strong>do Szko\u0142y Podstawowej nr 43 w Zabrzu<\/strong><\/span><\/em><\/h3>\n<p><img loading=\"lazy\" decoding=\"async\" class=\"aligncenter size-full wp-image-3774\" style=\"color: #777777;\" src=\"https:\/\/sp43.zabrze.pl\/wp-content\/uploads\/2026\/03\/7b8ac5a8-3044-48bb-ad05-4679a38bbd89.jpg\" alt=\"\" width=\"1024\" height=\"1536\" srcset=\"https:\/\/sp43.zabrze.pl\/wp-content\/uploads\/2026\/03\/7b8ac5a8-3044-48bb-ad05-4679a38bbd89.jpg 1024w, https:\/\/sp43.zabrze.pl\/wp-content\/uploads\/2026\/03\/7b8ac5a8-3044-48bb-ad05-4679a38bbd89-200x300.jpg 200w, https:\/\/sp43.zabrze.pl\/wp-content\/uploads\/2026\/03\/7b8ac5a8-3044-48bb-ad05-4679a38bbd89-683x1024.jpg 683w, https:\/\/sp43.zabrze.pl\/wp-content\/uploads\/2026\/03\/7b8ac5a8-3044-48bb-ad05-4679a38bbd89-768x1152.jpg 768w\" sizes=\"auto, (max-width: 1024px) 100vw, 1024px\" \/><\/p>\n<p><strong><a href=\"https:\/\/sp43.zabrze.pl\/wp-content\/uploads\/2026\/03\/rejonSP43.pdf\" target=\"_blank\" rel=\"noopener\">Wykaz ulic obj\u0119tych rejonem SP43. (PDF)<\/a><\/strong><\/p>\n<p>Rodzice, opiekunowie prawni, potwierdzaj\u0105 wol\u0119 zapisu do SP43, wype\u0142niaj\u0105c poni\u017csze formularze <em>(pobra\u0107, wydrukowa\u0107, wype\u0142ni\u0107)<\/em>, kt\u00f3ry nale\u017cy z\u0142o\u017cy\u0107 osobi\u015bcie w sekretariacie szko\u0142y do 07 maja 2026r, do godz. 15.00<\/p>\n<p><strong><a href=\"https:\/\/sp43.zabrze.pl\/wp-content\/uploads\/2026\/03\/wola-przyjecia-dziecka.pdf\" target=\"_blank\" rel=\"noopener\">Wniosek o zapisanie dziecka do SP43 (PDF)<\/a><\/strong><\/p>\n<p>oraz:<\/p>\n<p><strong><a href=\"https:\/\/sp43.zabrze.pl\/wp-content\/uploads\/2026\/03\/potwierdzenie-woli.pdf\" target=\"_blank\" rel=\"noopener\">Potwierdzenie woli zapisu dziecka do SP43 (PDF)<\/a><\/strong><\/p>\n<p>&nbsp;<\/p>\n","protected":false},"excerpt":{"rendered":"<p>Informacje dotycz\u0105ce zapis\u00f3w dzieci spoza rejonu, do Szko\u0142y Podstawowej nr 43 w Zabrzu Wykaz ulic obj\u0119tych rejonem SP43. (PDF) Rodzice, [&hellip;]<\/p>\n","protected":false},"author":4,"featured_media":0,"parent":1275,"menu_order":0,"comment_status":"closed","ping_status":"closed","template":"","meta":{"footnotes":""},"class_list":["post-3779","page","type-page","status-publish","hentry"],"aioseo_notices":[],"_links":{"self":[{"href":"https:\/\/sp43.zabrze.pl\/index.php?rest_route=\/wp\/v2\/pages\/3779","targetHints":{"allow":["GET"]}}],"collection":[{"href":"https:\/\/sp43.zabrze.pl\/index.php?rest_route=\/wp\/v2\/pages"}],"about":[{"href":"https:\/\/sp43.zabrze.pl\/index.php?rest_route=\/wp\/v2\/types\/page"}],"author":[{"embeddable":true,"href":"https:\/\/sp43.zabrze.pl\/index.php?rest_route=\/wp\/v2\/users\/4"}],"replies":[{"embeddable":true,"href":"https:\/\/sp43.zabrze.pl\/index.php?rest_route=%2Fwp%2Fv2%2Fcomments&post=3779"}],"version-history":[{"count":2,"href":"https:\/\/sp43.zabrze.pl\/index.php?rest_route=\/wp\/v2\/pages\/3779\/revisions"}],"predecessor-version":[{"id":3785,"href":"https:\/\/sp43.zabrze.pl\/index.php?rest_route=\/wp\/v2\/pages\/3779\/revisions\/3785"}],"up":[{"embeddable":true,"href":"https:\/\/sp43.zabrze.pl\/index.php?rest_route=\/wp\/v2\/pages\/1275"}],"wp:attachment":[{"href":"https:\/\/sp43.zabrze.pl\/index.php?rest_route=%2Fwp%2Fv2%2Fmedia&parent=3779"}],"curies":[{"name":"wp","href":"https:\/\/api.w.org\/{rel}","templated":true}]}}