{"id":3633,"date":"2025-03-24T09:31:08","date_gmt":"2025-03-24T08:31:08","guid":{"rendered":"https:\/\/sp43.zabrze.pl\/?page_id=3633"},"modified":"2025-03-24T09:31:08","modified_gmt":"2025-03-24T08:31:08","slug":"raport-o-stanie-zapewniania-dostepnosci-podmiotu-publicznego","status":"publish","type":"page","link":"https:\/\/sp43.zabrze.pl\/?page_id=3633","title":{"rendered":"Raport o stanie zapewniania dost\u0119pno\u015bci podmiotu publicznego"},"content":{"rendered":"<p>Raport o stanie zapewniania dost\u0119pno\u015bci podmiotu publicznego<\/p>\n<p>Na podstawie art. 11 Ustawy z dnia 19 lipca 2019 r. o zapewnieniu dost\u0119pno\u015bci osobom ze szczeg\u00f3lnymi potrzebami (Dz. U. 2020.1062) publikujemy Raport o stanie zapewnienia dost\u0119pno\u015bci UKE.<\/p>\n<p>Raport zawiera informacje w zakresie spe\u0142niania przez UKE minimalnych wymaga\u0144 s\u0142u\u017c\u0105cych zapewnieniu dost\u0119pno\u015bci osobom ze szczeg\u00f3lnymi potrzebami, kt\u00f3re wskazuje art. 6 ww. ustawy.<\/p>\n<p><strong><a href=\"https:\/\/sp43.zabrze.pl\/wp-content\/uploads\/2025\/03\/Raport_o_stanie_zapewniania_dostepnosci_podmiotu_publicznego.pdf\">Raport o stanie zapewniania dost\u0119pno\u015bci Szko\u0142y podstawowej nr 43 w Zabrzu, w formacie PDF =&gt; https:\/\/sp43.zabrze.pl\/wp-content\/uploads\/2025\/03\/Raport_o_stanie_zapewniania_dostepnosci_podmiotu_publicznego.pdf<\/a><\/strong><\/p>\n","protected":false},"excerpt":{"rendered":"<p>Raport o stanie zapewniania dost\u0119pno\u015bci podmiotu publicznego Na podstawie art. 11 Ustawy z dnia 19 lipca 2019 r. o zapewnieniu [&hellip;]<\/p>\n","protected":false},"author":4,"featured_media":0,"parent":0,"menu_order":0,"comment_status":"closed","ping_status":"closed","template":"","meta":{"footnotes":""},"class_list":["post-3633","page","type-page","status-publish","hentry"],"aioseo_notices":[],"_links":{"self":[{"href":"https:\/\/sp43.zabrze.pl\/index.php?rest_route=\/wp\/v2\/pages\/3633","targetHints":{"allow":["GET"]}}],"collection":[{"href":"https:\/\/sp43.zabrze.pl\/index.php?rest_route=\/wp\/v2\/pages"}],"about":[{"href":"https:\/\/sp43.zabrze.pl\/index.php?rest_route=\/wp\/v2\/types\/page"}],"author":[{"embeddable":true,"href":"https:\/\/sp43.zabrze.pl\/index.php?rest_route=\/wp\/v2\/users\/4"}],"replies":[{"embeddable":true,"href":"https:\/\/sp43.zabrze.pl\/index.php?rest_route=%2Fwp%2Fv2%2Fcomments&post=3633"}],"version-history":[{"count":1,"href":"https:\/\/sp43.zabrze.pl\/index.php?rest_route=\/wp\/v2\/pages\/3633\/revisions"}],"predecessor-version":[{"id":3635,"href":"https:\/\/sp43.zabrze.pl\/index.php?rest_route=\/wp\/v2\/pages\/3633\/revisions\/3635"}],"wp:attachment":[{"href":"https:\/\/sp43.zabrze.pl\/index.php?rest_route=%2Fwp%2Fv2%2Fmedia&parent=3633"}],"curies":[{"name":"wp","href":"https:\/\/api.w.org\/{rel}","templated":true}]}}