{"id":345,"date":"2020-03-02T22:37:23","date_gmt":"2020-03-02T21:37:23","guid":{"rendered":"http:\/\/sp43.zabrze.pl\/?page_id=345"},"modified":"2026-03-03T16:02:47","modified_gmt":"2026-03-03T15:02:47","slug":"obiady-w-szkole","status":"publish","type":"page","link":"https:\/\/sp43.zabrze.pl\/?page_id=345","title":{"rendered":"Obiady w szkole"},"content":{"rendered":"<h2 style=\"text-align: center;\"><em><strong>Obiady w szkole<\/strong><\/em><\/h2>\n<hr \/>\n<h4 style=\"text-align: center;\"><strong><span style=\"color: #ff0000;\"><em>Szko\u0142a realizuje posi\u0142ki dla swoich uczni\u00f3w.<\/em><\/span><\/strong><\/h4>\n<p>&nbsp;<\/p>\n<p>W ramach \u017cywienia mo\u017cna wykupi\u0107 obiady.<\/p>\n<p style=\"padding-left: 40px;\">Op\u0142at\u0119 za obiady nale\u017cy wp\u0142aca\u0107<\/p>\n<p style=\"text-align: center;\"><em>do 12 ka\u017cdego miesi\u0105ca (z g\u00f3ry) na konto:<\/em><\/p>\n<p style=\"text-align: center;\"><strong><em>21 1240 1037 1111 0011 6234 6843<\/em><\/strong><\/p>\n<p>&nbsp;<\/p>\n<p style=\"text-align: right;\">Szczeg\u00f3\u0142owych informacji udziela<br \/>\npani intendent Monika Szpecht<br \/>\nw sto\u0142\u00f3wce szkolnej<\/p>\n<hr \/>\n<h3 style=\"text-align: center;\"><em>Zmiany obiadowe<\/em><br \/>\n<em>wydawanie posi\u0142k\u00f3w dla uczni\u00f3w<\/em><\/h3>\n<p style=\"text-align: center;\"><em>12.00 &#8211; dzieci ze \u015bwietlicy<\/em><\/p>\n<p style=\"text-align: center;\"><em>12.30 &#8211; dzieci m\u0142odsze &#8211; klasy I &#8211; IV<\/em><\/p>\n<p style=\"text-align: center;\"><em>13.30 &#8211; dzieci starsze &#8211; klasy V &#8211; VII<\/em><\/p>\n","protected":false},"excerpt":{"rendered":"<p>Obiady w szkole Szko\u0142a realizuje posi\u0142ki dla swoich uczni\u00f3w. &nbsp; W ramach \u017cywienia mo\u017cna wykupi\u0107 obiady. Op\u0142at\u0119 za obiady nale\u017cy [&hellip;]<\/p>\n","protected":false},"author":3,"featured_media":0,"parent":0,"menu_order":0,"comment_status":"closed","ping_status":"closed","template":"","meta":{"footnotes":""},"class_list":["post-345","page","type-page","status-publish","hentry"],"aioseo_notices":[],"_links":{"self":[{"href":"https:\/\/sp43.zabrze.pl\/index.php?rest_route=\/wp\/v2\/pages\/345","targetHints":{"allow":["GET"]}}],"collection":[{"href":"https:\/\/sp43.zabrze.pl\/index.php?rest_route=\/wp\/v2\/pages"}],"about":[{"href":"https:\/\/sp43.zabrze.pl\/index.php?rest_route=\/wp\/v2\/types\/page"}],"author":[{"embeddable":true,"href":"https:\/\/sp43.zabrze.pl\/index.php?rest_route=\/wp\/v2\/users\/3"}],"replies":[{"embeddable":true,"href":"https:\/\/sp43.zabrze.pl\/index.php?rest_route=%2Fwp%2Fv2%2Fcomments&post=345"}],"version-history":[{"count":6,"href":"https:\/\/sp43.zabrze.pl\/index.php?rest_route=\/wp\/v2\/pages\/345\/revisions"}],"predecessor-version":[{"id":3762,"href":"https:\/\/sp43.zabrze.pl\/index.php?rest_route=\/wp\/v2\/pages\/345\/revisions\/3762"}],"wp:attachment":[{"href":"https:\/\/sp43.zabrze.pl\/index.php?rest_route=%2Fwp%2Fv2%2Fmedia&parent=345"}],"curies":[{"name":"wp","href":"https:\/\/api.w.org\/{rel}","templated":true}]}}