{"id":3435,"date":"2024-04-10T07:15:26","date_gmt":"2024-04-10T05:15:26","guid":{"rendered":"https:\/\/sp43.zabrze.pl\/?page_id=3435"},"modified":"2024-04-10T07:15:26","modified_gmt":"2024-04-10T05:15:26","slug":"deklaracja-dostepnosci","status":"publish","type":"page","link":"https:\/\/sp43.zabrze.pl\/?page_id=3435","title":{"rendered":"Deklaracja dost\u0119pno\u015bci"},"content":{"rendered":"<h1 id=\"a11y-deklaracja\">Deklaracja dost\u0119pno\u015bci www.sp43.zabrze.pl<\/h1>\n<p id=\"a11y-wstep\"><span id=\"a11y-podmiot\">Szko\u0142a Podstawowa nr 43<\/span> zobowi\u0105zuje si\u0119 zapewni\u0107 dost\u0119pno\u015b\u0107 swojej strony internetowej zgodnie z przepisami ustawy z dnia 4\u00a0kwietnia 2019\u00a0r. o\u00a0dost\u0119pno\u015bci cyfrowej stron internetowych i\u00a0aplikacji mobilnych podmiot\u00f3w publicznych. O\u015bwiadczenie w sprawie dost\u0119pno\u015bci ma zastosowanie do strony internetowej <a id=\"a11y-url\" href=\"https:\/\/sp43.zabrze.pl\">www.sp43.zabrze.pl<\/a>.<\/p>\n<ul>\n<li>Data publikacji strony internetowej: <time id=\"a11y-data-publikacja\" datetime=\"2020-03-30\">2020-03-30<\/time><\/li>\n<li>Data ostatniej istotnej aktualizacji: <time id=\"a11y-data-aktualizacja\" datetime=\"2020-03-03\">2020-03-03<\/time><\/li>\n<\/ul>\n<h2>Status pod wzgl\u0119dem zgodno\u015bci z ustaw\u0105<\/h2>\n<p>Strona internetowa jest <strong id=\"a11y-status\">zgodna<\/strong> z\u00a0ustaw\u0105 o\u00a0dost\u0119pno\u015bci cyfrowej stron internetowych i\u00a0aplikacji mobilnych podmiot\u00f3w publicznych.<\/p>\n<h3>Przygotowanie deklaracji w sprawie dost\u0119pno\u015bci<\/h3>\n<ul>\n<li>Deklaracj\u0119 sporz\u0105dzono dnia: <time id=\"a11y-data-sporzadzenie\" datetime=\"2024-03-13\">2024-03-13<\/time><\/li>\n<li>Deklaracj\u0119 zosta\u0142a ostatnio poddana przegl\u0105dowi i aktualizacji dnia: <time id=\"a11y-data-deklaracja-przeglad\" datetime=\"2020-03-30\">2020-03-30<\/time><\/li>\n<\/ul>\n<p>Deklaracj\u0119 sporz\u0105dzono na podstawie samooceny.<\/p>\n<h2 id=\"a11y-kontakt\">Informacje zwrotne i dane kontaktowe<\/h2>\n<ul>\n<li>Za rozpatrywanie uwag i wniosk\u00f3w odpowiada: <span id=\"a11y-osoba\">Roman Sitarek<\/span>.<\/li>\n<li>E-mail: <span id=\"a11y-email\">r.sitarek@sp43.zabrze.pl<\/span><\/li>\n<li>Telefon: <span id=\"a11y-telefon\">32 271 36 64<\/span><\/li>\n<\/ul>\n<p id=\"a11y-procedura\">Ka\u017cdy ma prawo:<\/p>\n<ul>\n<li>zg\u0142osi\u0107 uwagi dotycz\u0105ce dost\u0119pno\u015bci cyfrowej strony lub jej elementu,<\/li>\n<li>zg\u0142osi\u0107 \u017c\u0105danie zapewnienia dost\u0119pno\u015bci cyfrowej strony lub jej elementu,<\/li>\n<li>wnioskowa\u0107 o udost\u0119pnienie niedost\u0119pnej informacji w innej alternatywnej formie.<\/li>\n<\/ul>\n<p>\u017b\u0105danie musi zawiera\u0107:<\/p>\n<ul>\n<li>dane kontaktowe osoby zg\u0142aszaj\u0105cej,<\/li>\n<li>wskazanie strony lub elementu strony, kt\u00f3rej dotyczy \u017c\u0105danie,<\/li>\n<li>wskazanie dogodnej formy udost\u0119pnienia informacji, je\u015bli \u017c\u0105danie dotyczy udost\u0119pnienia w formie alternatywnej informacji niedost\u0119pnej.<\/li>\n<\/ul>\n<p>Rozpatrzenie zg\u0142oszenia powinno nast\u0105pi\u0107 niezw\u0142ocznie, najp\u00f3\u017aniej w ci\u0105gu 7 dni. Je\u015bli w tym terminie zapewnienie dost\u0119pno\u015bci albo zapewnienie dost\u0119pu w alternatywnej formie nie jest mo\u017cliwe, powinno nast\u0105pi\u0107 najdalej w ci\u0105gu 2 miesi\u0119cy od daty zg\u0142oszenia.<\/p>\n<h3>Skargi i odwo\u0142ania<\/h3>\n<p>Na niedotrzymanie tych termin\u00f3w oraz na odmow\u0119 realizacji \u017c\u0105dania mo\u017cna z\u0142o\u017cy\u0107 skarg\u0119 do organu nadzoruj\u0105cego poczt\u0105 lub drog\u0105 elektroniczn\u0105 na adres:<\/p>\n<ul>\n<li>Organ nadzoruj\u0105cy: Dyrektor Szko\u0142y Podstawowej nr 43 w Zabrze<\/li>\n<li>Adres: Szko\u0142a Podstawowa nr 43<br \/>\nul. Buchenwaldczyk\u00f3w 25<br \/>\n41-800 Zabrze<\/li>\n<li>E-mail: sp43@sp43.zabrze.pl<\/li>\n<li>Telefon: 32 271 36 64<\/li>\n<\/ul>\n<p>Skarg\u0119 mo\u017cna z\u0142o\u017cy\u0107 r\u00f3wnie\u017c do <a href=\"https:\/\/www.rpo.gov.pl\/content\/jak-zglosic-sie-do-rzecznika-praw-obywatelskich\">Rzecznika Praw Obywatelskich<\/a>.<\/p>\n<h2 id=\"a11y-architektura\">Dost\u0119pno\u015b\u0107 architektoniczna<\/h2>\n<section class=\"mt-4\">\n<h3 class=\"h5 fw-bold\">Szko\u0142a Podstawowa nr 43<\/h3>\n<address class=\"mb-0\">\n<div>Buchenwaldczyk\u00f3w 25<\/div>\n<div>41-800 Zabrze<\/div>\n<\/address>\n<\/section>\n<section class=\"mt-4\">\n<h3 class=\"h5\">Parking<\/h3>\n<ul>\n<li>Nie mamy wyznaczonych miejsc parkingowych dla os\u00f3b niepe\u0142nosprawnych.<\/li>\n<li>\n<div>Parking dla pracownik\u00f3w, znajduje si\u0119 na tylnej cz\u0119\u015bci budynku w obr\u0119bie plac\u00f3wki<\/div>\n<\/li>\n<\/ul>\n<\/section>\n<section class=\"mt-4\">\n<h3 class=\"h5\">Pies asystuj\u0105cy<\/h3>\n<ul>\n<li>Mo\u017cesz przyj\u015b\u0107 z psem asystuj\u0105cym lub psem przewodnikiem. Pami\u0119taj o certyfikacie psa asystuj\u0105cego i za\u015bwiadczeniu o szczepieniu.<\/li>\n<li>Pies musi mie\u0107 kaganiec. Nie dotyczy ps\u00f3w przewodnik\u00f3w.<\/li>\n<\/ul>\n<\/section>\n<section class=\"mt-4\">\n<h3 class=\"h5\">Wej\u015bcie do budynku<\/h3>\n<ul>\n<li>\n<div>Do wej\u015bcia g\u0142\u00f3wnego doj\u015bcie przez furtk\u0119. Furtka prowadzi bezpo\u015brednio z chodnika, przez plac do wej\u015bcia g\u0142\u00f3wnego. Wej\u015bcie na wprost od furtki.<\/div>\n<\/li>\n<li>Do wej\u015bcia prowadz\u0105 schody.<\/li>\n<li>Przy schodach znajduje si\u0119 por\u0119cz.<\/li>\n<li>Drzwi s\u0105 zawsze otwarte.<\/li>\n<li>Drzwi musisz otworzy\u0107 r\u0119cznie.<\/li>\n<li>Otwieraj\u0105 si\u0119 na zewn\u0105trz.<\/li>\n<li>Otworzenie drzwi nie wymaga du\u017cej si\u0142y.<\/li>\n<li>Drzwi maj\u0105 wygodn\u0105 i ergonomiczn\u0105 klamk\u0119.<\/li>\n<li>Mo\u017cna je \u0142atwo utrzyma\u0107 w pozycji otwartej.<\/li>\n<li>Skorzystaj z dzwonka przy drzwiach.<\/li>\n<li>Skorzystaj z domofonu przy drzwiach.<\/li>\n<li>\n<div>Plac\u00f3wka nie jest wyposa\u017cona w udogodnienia dla w\u00f3zk\u00f3w, platforma, winda<\/div>\n<\/li>\n<\/ul>\n<\/section>\n<section class=\"mt-4\">\n<h3 class=\"h5\">Przestrze\u0144 za wej\u015bciem<\/h3>\n<ul>\n<li>\n<div>Przestronna przestrze\u0144, du\u017cy hol szkolny.<\/div>\n<\/li>\n<li>Informacja rozmieszczenia pomieszcze\u0144 znajduje si\u0119 w Tablicy w korytarzu, znajduj\u0105 si\u0119 mapy i plany ewakuacyjne z rozmieszczeniem pomieszcze\u0144. i jest wykonany w kontrastowych kolorach oraz du\u017cymi czcionkami.<\/li>\n<li>Pomieszczenie jest dobrze o\u015bwietlone.<\/li>\n<li>Punkt obs\u0142ugi znajduje si\u0119 na parterze, po lewej stronie od wej\u015bcia<\/li>\n<li>Blat jest obni\u017cony i mo\u017ce do niego podjecha\u0107 osoba na w\u00f3zku.<\/li>\n<\/ul>\n<\/section>\n<section class=\"mt-4\">\n<h3 class=\"h5\">Ci\u0105gi poziome<\/h3>\n<ul>\n<li>Pomieszczenia znajduj\u0105 si\u0119 na 3 kondygnacjach.<\/li>\n<li>Wszystkie korytarze s\u0105 niedost\u0119pne dla os\u00f3b na w\u00f3zkach.<\/li>\n<\/ul>\n<\/section>\n<section class=\"mt-4\">\n<h3 class=\"h5\">Ci\u0105gi pionowe<\/h3>\n<ul>\n<li>Na inne kondygnacje mo\u017cesz si\u0119 dosta\u0107 za pomoc\u0105 schod\u00f3w<\/li>\n<\/ul>\n<section class=\"mt-4\">\n<h4 class=\"h6\">Schody<\/h4>\n<ul>\n<li>Dwie klatki schodowe, ka\u017cda sk\u0142\u0105da si\u0119 z 4 ciag\u00f3w schodowych<\/li>\n<li>Ci\u0105g schod\u00f3w sk\u0142ada si\u0119 z 18 stopni.<\/li>\n<li>Stopie\u0144 ma wysoko\u015b\u0107 14 centymetr\u00f3w.<\/li>\n<li>Przy schodach znajduje si\u0119 por\u0119cz wzd\u0142u\u017c ca\u0142ego ci\u0105gu.<\/li>\n<li>Stopnie s\u0105 oznaczone kontrastowo<\/li>\n<\/ul>\n<\/section>\n<\/section>\n<section class=\"mt-4\">\n<h3 class=\"h5\">Pomieszczenia<\/h3>\n<ul>\n<li>Oko\u0142o 30% pomieszcze\u0144 jest dost\u0119pnych dla os\u00f3b na w\u00f3zkach.<\/li>\n<\/ul>\n<\/section>\n<section class=\"mt-4\">\n<h3 class=\"h5\">\u0141azienka<\/h3>\n<ul>\n<li>Nie mamy dost\u0119pnej toalety.<\/li>\n<li>Nie ma pochwyt\u00f3w przy ust\u0119pie.<\/li>\n<\/ul>\n<\/section>\n","protected":false},"excerpt":{"rendered":"<p>Deklaracja dost\u0119pno\u015bci www.sp43.zabrze.pl Szko\u0142a Podstawowa nr 43 zobowi\u0105zuje si\u0119 zapewni\u0107 dost\u0119pno\u015b\u0107 swojej strony internetowej zgodnie z przepisami ustawy z dnia [&hellip;]<\/p>\n","protected":false},"author":4,"featured_media":0,"parent":0,"menu_order":0,"comment_status":"closed","ping_status":"closed","template":"","meta":{"footnotes":""},"class_list":["post-3435","page","type-page","status-publish","hentry"],"aioseo_notices":[],"_links":{"self":[{"href":"https:\/\/sp43.zabrze.pl\/index.php?rest_route=\/wp\/v2\/pages\/3435","targetHints":{"allow":["GET"]}}],"collection":[{"href":"https:\/\/sp43.zabrze.pl\/index.php?rest_route=\/wp\/v2\/pages"}],"about":[{"href":"https:\/\/sp43.zabrze.pl\/index.php?rest_route=\/wp\/v2\/types\/page"}],"author":[{"embeddable":true,"href":"https:\/\/sp43.zabrze.pl\/index.php?rest_route=\/wp\/v2\/users\/4"}],"replies":[{"embeddable":true,"href":"https:\/\/sp43.zabrze.pl\/index.php?rest_route=%2Fwp%2Fv2%2Fcomments&post=3435"}],"version-history":[{"count":1,"href":"https:\/\/sp43.zabrze.pl\/index.php?rest_route=\/wp\/v2\/pages\/3435\/revisions"}],"predecessor-version":[{"id":3436,"href":"https:\/\/sp43.zabrze.pl\/index.php?rest_route=\/wp\/v2\/pages\/3435\/revisions\/3436"}],"wp:attachment":[{"href":"https:\/\/sp43.zabrze.pl\/index.php?rest_route=%2Fwp%2Fv2%2Fmedia&parent=3435"}],"curies":[{"name":"wp","href":"https:\/\/api.w.org\/{rel}","templated":true}]}}