{"id":1275,"date":"2021-03-03T07:48:25","date_gmt":"2021-03-03T06:48:25","guid":{"rendered":"https:\/\/sp43.zabrze.pl\/?page_id=1275"},"modified":"2026-03-19T16:01:20","modified_gmt":"2026-03-19T15:01:20","slug":"rekrutacja","status":"publish","type":"page","link":"https:\/\/sp43.zabrze.pl\/?page_id=1275","title":{"rendered":"Rekrutacja"},"content":{"rendered":"<p>&nbsp;<\/p>\n<p style=\"text-align: center;\"><strong><img loading=\"lazy\" decoding=\"async\" class=\"aligncenter size-full wp-image-3774\" src=\"https:\/\/sp43.zabrze.pl\/wp-content\/uploads\/2026\/03\/7b8ac5a8-3044-48bb-ad05-4679a38bbd89.jpg\" alt=\"\" width=\"1024\" height=\"1536\" srcset=\"https:\/\/sp43.zabrze.pl\/wp-content\/uploads\/2026\/03\/7b8ac5a8-3044-48bb-ad05-4679a38bbd89.jpg 1024w, https:\/\/sp43.zabrze.pl\/wp-content\/uploads\/2026\/03\/7b8ac5a8-3044-48bb-ad05-4679a38bbd89-200x300.jpg 200w, https:\/\/sp43.zabrze.pl\/wp-content\/uploads\/2026\/03\/7b8ac5a8-3044-48bb-ad05-4679a38bbd89-683x1024.jpg 683w, https:\/\/sp43.zabrze.pl\/wp-content\/uploads\/2026\/03\/7b8ac5a8-3044-48bb-ad05-4679a38bbd89-768x1152.jpg 768w\" sizes=\"auto, (max-width: 1024px) 100vw, 1024px\" \/><\/strong><\/p>\n<p>Szanowni Rodzice,<br \/>\ninformujemy, \u017ce rozpocz\u0119cie sk\u0142adania wniosk\u00f3w rekrutacyjnych do klasy pierwszej szko\u0142y podstawowej odb\u0119dzie si\u0119 w terminie:<br \/>\n<strong>KIEDY =&gt;<\/strong> od 22 kwietnia 2026 r. do 7 maja 2026 r.<br \/>\n<strong>do kiedy =&gt;<\/strong> do godziny 15:00<br \/>\nWnioski nale\u017cy z\u0142o\u017cy\u0107 wraz z dokumentami potwierdzaj\u0105cymi spe\u0142nianie kryteri\u00f3w branych pod uwag\u0119 w post\u0119powaniu rekrutacyjnym.<\/p>\n<p style=\"text-align: center;\"><a href=\"https:\/\/sp43.zabrze.pl\/wp-content\/uploads\/2021\/03\/logo_sp43.bmp\"><img loading=\"lazy\" decoding=\"async\" class=\" wp-image-1276 alignleft\" src=\"https:\/\/sp43.zabrze.pl\/wp-content\/uploads\/2021\/03\/logo_sp43.bmp\" alt=\"\" width=\"143\" height=\"107\" \/><\/a>(kliknij \u017ceby zobaczy\u0107 szczeg\u00f3\u0142y, pobra\u0107 dokumenty)<\/p>\n<p style=\"text-align: center;\">===&gt; <strong><a title=\"Rekrutacja \u2013 dzieci spoza rejonu\" href=\"https:\/\/sp43.zabrze.pl\/?page_id=3779\">dzieci spoza rejonu<\/a><\/strong><\/p>\n<p style=\"text-align: center;\">===&gt; <strong><a title=\"Rekrutacja \u2013 dzieci z rejonu\" href=\"https:\/\/sp43.zabrze.pl\/?page_id=3770\">dzieci z rejonu<\/a><\/strong><\/p>\n","protected":false},"excerpt":{"rendered":"<p>&nbsp; Szanowni Rodzice, informujemy, \u017ce rozpocz\u0119cie sk\u0142adania wniosk\u00f3w rekrutacyjnych do klasy pierwszej szko\u0142y podstawowej odb\u0119dzie si\u0119 w terminie: KIEDY =&gt; [&hellip;]<\/p>\n","protected":false},"author":4,"featured_media":1278,"parent":0,"menu_order":0,"comment_status":"closed","ping_status":"closed","template":"","meta":{"footnotes":""},"class_list":["post-1275","page","type-page","status-publish","has-post-thumbnail","hentry"],"aioseo_notices":[],"_links":{"self":[{"href":"https:\/\/sp43.zabrze.pl\/index.php?rest_route=\/wp\/v2\/pages\/1275","targetHints":{"allow":["GET"]}}],"collection":[{"href":"https:\/\/sp43.zabrze.pl\/index.php?rest_route=\/wp\/v2\/pages"}],"about":[{"href":"https:\/\/sp43.zabrze.pl\/index.php?rest_route=\/wp\/v2\/types\/page"}],"author":[{"embeddable":true,"href":"https:\/\/sp43.zabrze.pl\/index.php?rest_route=\/wp\/v2\/users\/4"}],"replies":[{"embeddable":true,"href":"https:\/\/sp43.zabrze.pl\/index.php?rest_route=%2Fwp%2Fv2%2Fcomments&post=1275"}],"version-history":[{"count":8,"href":"https:\/\/sp43.zabrze.pl\/index.php?rest_route=\/wp\/v2\/pages\/1275\/revisions"}],"predecessor-version":[{"id":3793,"href":"https:\/\/sp43.zabrze.pl\/index.php?rest_route=\/wp\/v2\/pages\/1275\/revisions\/3793"}],"wp:featuredmedia":[{"embeddable":true,"href":"https:\/\/sp43.zabrze.pl\/index.php?rest_route=\/wp\/v2\/media\/1278"}],"wp:attachment":[{"href":"https:\/\/sp43.zabrze.pl\/index.php?rest_route=%2Fwp%2Fv2%2Fmedia&parent=1275"}],"curies":[{"name":"wp","href":"https:\/\/api.w.org\/{rel}","templated":true}]}}