{"id":118,"date":"2020-03-01T19:14:24","date_gmt":"2020-03-01T18:14:24","guid":{"rendered":"http:\/\/sp43.zabrze.pl\/?page_id=118"},"modified":"2025-01-10T15:15:47","modified_gmt":"2025-01-10T14:15:47","slug":"specjalisci","status":"publish","type":"page","link":"https:\/\/sp43.zabrze.pl\/?page_id=118","title":{"rendered":"Specjali\u015bci"},"content":{"rendered":"<h2 style=\"text-align: center;\"><em><strong>Nauczyciele specjali\u015bci<\/strong><\/em><\/h2>\n<hr \/>\n<h4 style=\"padding-left: 40px;\"><em><strong>Pedagog<\/strong><\/em><\/h4>\n<p style=\"padding-left: 80px;\"><em>Katarzyna Malinowska<\/em><\/p>\n<p style=\"text-align: center;\">Poniedzia\u0142ek 8.00 &#8211; 12.45<br \/>\nWtorek 8.00 &#8211; 12.45<br \/>\n\u015aroda 8.00 &#8211; 14.25<br \/>\nCzwartek 10.50 &#8211; 14.45<br \/>\nPi\u0105tek 8.00 &#8211; 13.30<\/p>\n<p>&nbsp;<\/p>\n<h4 style=\"padding-left: 40px;\"><em><strong>Psycholog<\/strong><\/em><\/h4>\n<p style=\"padding-left: 80px;\"><em>Julia Malinowska<\/em><\/p>\n<p style=\"text-align: center;\">Wtorek: 14.00 &#8211; 15.00<br \/>\n\u015aroda: 12.00 &#8211; 16.00<br \/>\nCzwartek: 14.00 &#8211; 15.00<br \/>\nPi\u0105tek: 7.00 &#8211; 16.00<\/p>\n<p>&nbsp;<\/p>\n<h4 style=\"padding-left: 40px;\"><em><strong>Pedagog specjalny<\/strong><\/em><\/h4>\n<p style=\"padding-left: 80px;\"><em>Ewa Kamer &#8211; Czempik<\/em><\/p>\n<p style=\"text-align: center;\">Poniedzia\u0142ek 9.00 &#8211; 12.30<br \/>\nWtorek 9.00 &#8211; 11.30<br \/>\nCzwartek 9.00 &#8211; 12.30<br \/>\nPi\u0105tek 9.00 &#8211; 11.30<\/p>\n<p>&nbsp;<\/p>\n<h4 style=\"padding-left: 40px;\"><em><strong>Logopeda<\/strong><\/em><\/h4>\n<p style=\"padding-left: 80px;\"><em>Katarzyna G\u00f3rniak<\/em><\/p>\n<p style=\"text-align: center;\">Wtorek 12.45-15.15<br \/>\nCzwartek 13.30 &#8211; 15.15<\/p>\n","protected":false},"excerpt":{"rendered":"<p>Nauczyciele specjali\u015bci Pedagog Katarzyna Malinowska Poniedzia\u0142ek 8.00 &#8211; 12.45 Wtorek 8.00 &#8211; 12.45 \u015aroda 8.00 &#8211; 14.25 Czwartek 10.50 &#8211; [&hellip;]<\/p>\n","protected":false},"author":3,"featured_media":0,"parent":0,"menu_order":0,"comment_status":"closed","ping_status":"closed","template":"","meta":{"footnotes":""},"class_list":["post-118","page","type-page","status-publish","hentry"],"aioseo_notices":[],"_links":{"self":[{"href":"https:\/\/sp43.zabrze.pl\/index.php?rest_route=\/wp\/v2\/pages\/118","targetHints":{"allow":["GET"]}}],"collection":[{"href":"https:\/\/sp43.zabrze.pl\/index.php?rest_route=\/wp\/v2\/pages"}],"about":[{"href":"https:\/\/sp43.zabrze.pl\/index.php?rest_route=\/wp\/v2\/types\/page"}],"author":[{"embeddable":true,"href":"https:\/\/sp43.zabrze.pl\/index.php?rest_route=\/wp\/v2\/users\/3"}],"replies":[{"embeddable":true,"href":"https:\/\/sp43.zabrze.pl\/index.php?rest_route=%2Fwp%2Fv2%2Fcomments&post=118"}],"version-history":[{"count":13,"href":"https:\/\/sp43.zabrze.pl\/index.php?rest_route=\/wp\/v2\/pages\/118\/revisions"}],"predecessor-version":[{"id":3630,"href":"https:\/\/sp43.zabrze.pl\/index.php?rest_route=\/wp\/v2\/pages\/118\/revisions\/3630"}],"wp:attachment":[{"href":"https:\/\/sp43.zabrze.pl\/index.php?rest_route=%2Fwp%2Fv2%2Fmedia&parent=118"}],"curies":[{"name":"wp","href":"https:\/\/api.w.org\/{rel}","templated":true}]}}