{"id":10,"date":"2020-03-01T17:11:50","date_gmt":"2020-03-01T16:11:50","guid":{"rendered":"http:\/\/sp43.zabrze.pl\/?page_id=10"},"modified":"2020-03-13T11:51:07","modified_gmt":"2020-03-13T10:51:07","slug":"office","status":"publish","type":"page","link":"https:\/\/sp43.zabrze.pl\/?page_id=10","title":{"rendered":"Sekretariat"},"content":{"rendered":"\r\n<h2 style=\"text-align: center;\"><em><strong>Sekretariat<\/strong><\/em><\/h2>\r\n<hr \/>\r\n<p style=\"text-align: center;\">tel: 32 271 36 64<\/p>\r\n<p style=\"text-align: center;\">e-m@il: <a href=\"mailto:sekretariat@sp43.zabrze.pl\">sekretariat@sp43.zabrze.pl<\/a><\/p>\r\n<p style=\"text-align: center;\"><strong>Czynny codziennie w godz. 8.00 &#8211; 15.00<\/strong><\/p>\r\n<p style=\"text-align: center;\"><span style=\"color: #00ccff;\"><em>Sprawy uczniowskie za\u0142atwiane od wtorku do pi\u0105tku na du\u017cej przerwie mi\u0119dzy lekcyjnej<\/em><\/span><\/p>\r\n","protected":false},"excerpt":{"rendered":"<p>Sekretariat tel: 32 271 36 64 e-m@il: sekretariat@sp43.zabrze.pl Czynny codziennie w godz. 8.00 &#8211; 15.00 Sprawy uczniowskie za\u0142atwiane od wtorku [&hellip;]<\/p>\n","protected":false},"author":3,"featured_media":0,"parent":0,"menu_order":0,"comment_status":"closed","ping_status":"closed","template":"","meta":{"footnotes":""},"class_list":["post-10","page","type-page","status-publish","hentry"],"aioseo_notices":[],"_links":{"self":[{"href":"https:\/\/sp43.zabrze.pl\/index.php?rest_route=\/wp\/v2\/pages\/10","targetHints":{"allow":["GET"]}}],"collection":[{"href":"https:\/\/sp43.zabrze.pl\/index.php?rest_route=\/wp\/v2\/pages"}],"about":[{"href":"https:\/\/sp43.zabrze.pl\/index.php?rest_route=\/wp\/v2\/types\/page"}],"author":[{"embeddable":true,"href":"https:\/\/sp43.zabrze.pl\/index.php?rest_route=\/wp\/v2\/users\/3"}],"replies":[{"embeddable":true,"href":"https:\/\/sp43.zabrze.pl\/index.php?rest_route=%2Fwp%2Fv2%2Fcomments&post=10"}],"version-history":[{"count":9,"href":"https:\/\/sp43.zabrze.pl\/index.php?rest_route=\/wp\/v2\/pages\/10\/revisions"}],"predecessor-version":[{"id":450,"href":"https:\/\/sp43.zabrze.pl\/index.php?rest_route=\/wp\/v2\/pages\/10\/revisions\/450"}],"wp:attachment":[{"href":"https:\/\/sp43.zabrze.pl\/index.php?rest_route=%2Fwp%2Fv2%2Fmedia&parent=10"}],"curies":[{"name":"wp","href":"https:\/\/api.w.org\/{rel}","templated":true}]}}